{"id":28,"date":"2013-02-23T10:38:39","date_gmt":"2013-02-23T09:38:39","guid":{"rendered":"http:\/\/borisleroy.com\/en\/?page_id=28"},"modified":"2019-06-20T10:03:57","modified_gmt":"2019-06-20T09:03:57","slug":"cv","status":"publish","type":"page","link":"https:\/\/borisleroy.com\/en\/cv\/","title":{"rendered":"CV"},"content":{"rendered":"<h1 style=\"text-align: center;\">Dr Boris Leroy<a href=\"http:\/\/borisleroy.com\/wp-content\/uploads\/2013\/02\/DSC1360.jpg\"><img loading=\"lazy\" decoding=\"async\" class=\"alignright wp-image-509 size-medium\" src=\"http:\/\/borisleroy.com\/wp-content\/uploads\/2013\/02\/DSC1360-200x300.jpg\" alt=\"_DSC1360\" width=\"200\" height=\"300\" \/><\/a><\/h1>\n<h2 style=\"text-align: left;\">Lecturer at the Mus\u00e9um National d&#8217;Histoire Naturelle<\/h2>\n<p style=\"text-align: left;\">Macroecology of aquatic communities, response to global change<\/p>\n<p style=\"text-align: left;\"><em>Lab. Macroecology &amp; Biodiversity, UMR 7208 BOREA Aquatic Organisms and Ecosystems Biology<\/em><\/p>\n<p style=\"text-align: left;\"><em>Mus\u00e9um National d&#8217;Histoire Naturelle, Paris, France<\/em><\/p>\n<div style=\"text-align: left;\">\n<hr \/>\n<h2 style=\"text-align: center;\">Current funded projects<\/h2>\n<ul>\n<li>Project REPCCOAI: <a href=\"http:\/\/borea.mnhn.fr\/fr\/mission-%C2%AB-marion-dufresne-%C2%BB\">Response of the Pelagic Ecosystem to Climate Change in the Indian Austral Ocean<\/a> PIs: Philippe Koubbi &amp; Jean-Yves Toullec<\/li>\n<li>Project Labex 2017-2018: Valuing natural history collections and naturalist expeditions for the conservation and management of deep sea habitats: the Tropical Deep Sea Benthos program. PIs: Sarah Samadi, Boris Leroy &amp; <a href=\"https:\/\/www.researchgate.net\/profile\/Maud_Mouchet\">Maud Mouchet<\/a>.<\/li>\n<li>Project Labex 2017-2018: New biodiversity indicators based on phylogenetic originality and species extinction probability: identification of HEDGE and LEDGE species. PIs: Sandrine Pavoine &amp; Boris Leroy<\/li>\n<li>Project ANR-FEM TROPHIK 2016-2019: Ecosystemic approach of Renewable Marine Energies: Modelling the role of offshore windfarms in modifying coastal trophic network functionning and cumulated impacts of other drivers of change. PI: Nathalie Niquil<\/li>\n<li>WP 2 of Biodiversa 2017-2019: \u00ab\u00a0Between Scylla and Charybdis \u2013 managing connectivity for freshwater fish\u00a0\u00bb. PI: G\u00f6ran Englund.<\/li>\n<\/ul>\n<h2 style=\"text-align: center;\">Scientific production<\/h2>\n<\/div>\n<ul>\n<li style=\"list-style-type: none;\">\n<ul>\n<li style=\"text-align: left;\"><strong>29 <\/strong>publications in international peer-reviewed journals with impact factor\n<p style=\"text-align: center;\">[<a title=\"Publications\" href=\"http:\/\/borisleroy.com\/publications\/\">Publications link<\/a>]<\/p>\n<p style=\"text-align: center;\">[<a href=\"https:\/\/www.researchgate.net\/profile\/Boris_Leroy\/\">ResearchGate profile<\/a>]<\/p>\n<p style=\"text-align: center;\">[<a title=\"Google scholar\" href=\"http:\/\/scholar.google.fr\/citations?user=7HzlVT4AAAAJ&amp;hl=fr\">Google Scholar profile<\/a>]<\/p>\n<\/li>\n<\/ul>\n<\/li>\n<\/ul>\n<ul>\n<li style=\"text-align: left;\"><a title=\"Softwares\" href=\"http:\/\/borisleroy.com\/en\/softwares\/\"><strong>2<\/strong> R packages published on the Comprehensive R Archive Network <\/a><\/li>\n<\/ul>\n<h2 style=\"text-align: center;\">Expertise<\/h2>\n<ul>\n<li style=\"text-align: left;\">Lead Author for the International Platform on Biodiversity and Ecosystem Services (IPBES), deliverable 2b Regional assessment on biodiversity and ecosystem services, Europe and Central Asia.<\/li>\n<\/ul>\n<h2 style=\"text-align: center;\">Teaching<\/h2>\n<ul>\n<li style=\"list-style-type: none;\">\n<ul>\n<li style=\"text-align: left;\">Responsible of the PhD training course (5 days) &#8216;Species Distribution Models and Climate Change&#8217; at the Museum National d&#8217;Histoire Naturelle doctoral school.<\/li>\n<\/ul>\n<\/li>\n<\/ul>\n<ul>\n<li style=\"list-style-type: none;\">\n<ul>\n<li style=\"text-align: left;\">Co-responsible with <a href=\"https:\/\/www.researchgate.net\/profile\/Maud_Mouchet\">Maud Mouchet<\/a> of the PhD training course (5 days) &#8216;Introduction to Biogeography: Concepts and Methods&#8217; at the Museum National d&#8217;Histoire Naturelle doctoral school.<\/li>\n<li>Co-responsible with <a href=\"https:\/\/www.researchgate.net\/profile\/Maud_Mouchet\">Maud Mouchet<\/a> of the master&#8217;s degree unit of teaching &#8220;Biogeography and Macroecology&#8221; (UE BIME) of the <a href=\"https:\/\/www.master-ebe.u-psud.fr\">master 2 Ecology Biodiversity Evolution<\/a><\/li>\n<\/ul>\n<\/li>\n<\/ul>\n<ul>\n<li style=\"text-align: left;\">Teaching activities in the masters of the Museum National d&#8217;Histoire Naturelle and Universit\u00e9 Pierre &amp; Marie Curie.<\/li>\n<\/ul>\n<h2 style=\"text-align: center;\">Supervision<\/h2>\n<h4>Current supervisions<\/h4>\n<ul>\n<li>Lissette Victorero, Tropical Deep Sea Benthos. Post-doctoral project, co-supervised with Sarah Samadi &amp; <a href=\"https:\/\/www.researchgate.net\/profile\/Maud_Mouchet\">Maud Mouchet<\/a>. 2018-2019<\/li>\n<li>Marine Robuchon, phylogenetic originality and extinction risks. Post-doctoral project, co-supervised with Sandrine Pavoine.<\/li>\n<li>Jules Coignard, p\u00eacheries profondes. 2\u00e8me ann\u00e9e d&#8217;\u00e9cole d&#8217;ing\u00e9nieur, co-supervised with Lissette Victorero.<\/li>\n<\/ul>\n<h4>Former supervisions<\/h4>\n<ul>\n<li style=\"list-style-type: none;\">\n<ul>\n<li>R\u00e9my Le Goff, thermal limits of the Soutern Ocean lanternfishes. Undergraduate (Licence 2) student.<\/li>\n<li>Juliette Delavenne, Tropical Deep Sea Benthos. Post-doctoral project, co-supervised with Sarah Samadi &amp; <a href=\"https:\/\/www.researchgate.net\/profile\/Maud_Mouchet\">Maud Mouchet.<\/a><\/li>\n<li>Baptiste S\u00e9randour, biogeography of the austral ocean. Master&#8217;s degree, Sorbonne Universit\u00e9s, co-supervised with Philippe Koubbi.<\/li>\n<li><a href=\"http:\/\/tarekhattab.webnode.fr\/\">Tarek Hattab<\/a>, Ecological niche modelling of coastal marine communities. Post-doctoral project, co-supervised with <a href=\"http:\/\/log.cnrs.fr\/Beaugrand\">Gr\u00e9gory Beaugrand<\/a>.<\/li>\n<li>Thierry Jouhanique, Sensitivity of engineer species of the Seine bay to Climate Change. Master&#8217;s degree, University of Paris Sud XI, co-supervised with <a href=\"http:\/\/tarekhattab.webnode.fr\/\">Tarek Hattab<\/a>.<\/li>\n<li>Claire Godet, Biogeography of the pelagic ecosystem of the Indian Austral Ocean. Master&#8217;s degree, University Pierre &amp; Marie Curie, co-supervised with <a href=\"https:\/\/marinerobuchon.wordpress.com\/\">Marine Robuchon<\/a> and <a href=\"https:\/\/www.researchgate.net\/profile\/Cedric_Cotte\">C\u00e9dric Cott\u00e9<\/a>.<\/li>\n<\/ul>\n<\/li>\n<\/ul>\n<ul>\n<li style=\"list-style-type: none;\">\n<ul>\n<li style=\"text-align: left;\">Valentina Cima, &#8220;Modelling the geographic distribution of patrimonial species in France&#8221;. Master&#8217;s degree, Mus\u00e9um National d&#8217;Histoire Naturelle, 2016, co-supervised with Isabelle Witt\u00e9.<\/li>\n<\/ul>\n<\/li>\n<\/ul>\n<ul>\n<li style=\"list-style-type: none;\">\n<ul>\n<li style=\"text-align: left;\"><a href=\"https:\/\/www.researchgate.net\/profile\/Cheima_Barhoumi\">Ch\u00e9\u00efma Barhoumi<\/a>, &#8220;Can similarity metrics be suitable for evaluating species distribution models?&#8221;. Master&#8217;s degree, University of Paris Sud XI, 2016, co-supervised with Morgane Barbet-Massin.<\/li>\n<\/ul>\n<\/li>\n<\/ul>\n<ul>\n<li style=\"list-style-type: none;\">\n<ul>\n<li style=\"text-align: left;\">Emilien Giraud, &#8220;Impacts of non native species on the delineation of freshwater fish biogeographic regions at the global scale&#8221;. Master&#8217;s degree, University of Rouen, 2016.<\/li>\n<\/ul>\n<\/li>\n<\/ul>\n<ul>\n<li style=\"text-align: left;\"><a href=\"http:\/\/www.cbtm-moulis.com\/m-216-robin-delsol.html\">Robin Delsol<\/a>,&#8221;Analysis of species distribution models predictions using virtual species in the context of climate change&#8221;. Master&#8217;s degree, University of Rennes 1, 2015, co-supervised with C\u00e9line Bellard &amp; Franck Courchamp.<\/li>\n<\/ul>\n<h2 style=\"text-align: center;\">Reviews<\/h2>\n<p style=\"text-align: left;\"><em>Ecology Letters, Global Ecology &amp; Biogeography, Journal of Applied Ecology, Diversity &amp; Distributions,\u00a0Ecography, Frontiers in Ecology and the Environment, Journal of Insect Conservation, Ecology &amp; Evolution, African Journal of Ecology, Science China Life Sciences, Arachnologische Mitteilungen, PLoS one.<\/em><\/p>\n<h2 style=\"text-align: center;\">Education<\/h2>\n<ul>\n<li style=\"list-style-type: none;\">\n<ul>\n<li style=\"text-align: left;\"><strong>2009-2012 :<\/strong> Ph.D. thesis, University of Rennes 1, Rennes, France<\/li>\n<\/ul>\n<\/li>\n<\/ul>\n<ul>\n<li style=\"list-style-type: none;\">\n<ul>\n<li style=\"text-align: left;\"><strong>2007-2009 :<\/strong> Master of science Biodiversity, Ecology, Evolution, University of Montpellier 2, Montpellier, France<\/li>\n<\/ul>\n<\/li>\n<\/ul>\n<ul>\n<li style=\"list-style-type: none;\">\n<ul>\n<li style=\"text-align: left;\"><strong>2004-2007 :<\/strong> Licence in Organism biology, University of Rennes 1, Rennes, France<\/li>\n<\/ul>\n<\/li>\n<\/ul>\n<ul>\n<li style=\"text-align: left;\"><strong>2002-2004 :<\/strong> French two year&#8217;s degree in chemistry and physics, University du Littoral-C\u00f4te d&#8217;Opale, Calais, France<\/li>\n<\/ul>\n<h2 style=\"text-align: center;\">Previous positions<\/h2>\n<h5 style=\"text-align: left;\">Jan. &#8211; Sep. 2014: Post-doctoral fellow, Univ. Paris XI<\/h5>\n<p style=\"text-align: left;\">Climate change impacts on economically important invasive insects, supervised by F. Courchamp, UMR 8079 Ecology, Systematics &amp; Evolution, Team Population &amp; Community Ecology, University Paris XI South<\/p>\n<h5 style=\"text-align: left;\">2013 : Postdoctoral contracts for research &amp; teaching<\/h5>\n<p style=\"text-align: left;\">Biodiversity response (terrestrial &amp; marine communities, invasive species) to environmental changes, Biodiversity et Territory Management Laboratory, Campus de Beaulieu, University of Rennes 1, Rennes, France<\/p>\n<h5 style=\"text-align: left;\">2009-2012: PhD<\/h5>\n<p style=\"text-align: left;\">Using biodiversity databases for the conservation of invertebrate taxa: Assemblage-level indices of rarity and species distribution models, Ph.D. publicly defended the 12<sup>th<\/sup> of December, 2012; summa cum laude. Supervised by Fr\u00e9d\u00e9ric Ysnel (Lecturer, University of Rennes 1) and Alain Canard (Professor, University of Rennes 1) at Biodiversity &amp; Territory Management Lab., Campus de Beaulieu, University of Rennes 1, Rennes, France.<\/p>\n<p style=\"text-align: left;\"><em>Examination board<\/em><\/p>\n<p style=\"text-align: left;\">Pr. E. Feunteun, Mus\u00e9um National d&#8217;Histoire Naturelle, Dinard, France. (President)<br \/>\nPr. M. Dufr\u00eane, Universit\u00e9 Catholique de Louvain, Louvain-la-Neuve, Belgique. (Referee)<br \/>\nDr. P. Jay-Robert, Centre d&#8217;Ecologie Fonctionnelle et Evolutive, Montpellier, France. (Referee)<br \/>\nDr. R. Julliard, Mus\u00e9um National d&#8217;Histoire Naturelle, Paris, France. (Examiner)<br \/>\nDr. A.P. M\u00f8ller, Universit\u00e9 de Paris Sud, Orsay, France. (Examiner)<br \/>\nDr. A.S.L. Rodrigues, Centre d&#8217;Ecologie Fonctionnelle et Evolutive, Montpellier, France. (Examiner)<br \/>\nDr. F. Ysnel, Universit\u00e9 de Rennes 1, Rennes, France. (Advisor)<br \/>\nPr. A. Canard, Universit\u00e9 de Rennes 1, Rennes, France. (Co-advisor)<br \/>\nM. L. Poncet, Service du Patrimoine Naturel, MNHN, Paris, France. (Invited member)<\/p>\n","protected":false},"excerpt":{"rendered":"<p>Dr Boris Leroy Lecturer at the Mus\u00e9um National d&#8217;Histoire Naturelle Macroecology of aquatic communities, response to global change Lab. Macroecology &amp; Biodiversity, UMR 7208 BOREA Aquatic Organisms and Ecosystems Biology Mus\u00e9um National d&#8217;Histoire Naturelle, Paris, France Current funded projects Project REPCCOAI: Response of the Pelagic Ecosystem to Climate Change in the Indian Austral Ocean PIs: Philippe Koubbi &amp; Jean-Yves Toullec Project Labex 2017-2018: Valuing natural history collections and naturalist expeditions.. <a href=\"https:\/\/borisleroy.com\/en\/cv\/\">Read More<\/a><\/p>\n","protected":false},"author":1,"featured_media":0,"parent":0,"menu_order":0,"comment_status":"closed","ping_status":"open","template":"","meta":{"footnotes":""},"class_list":["post-28","page","type-page","status-publish","hentry"],"featured_image_src":null,"featured_image_src_square":null,"_links":{"self":[{"href":"https:\/\/borisleroy.com\/en\/wp-json\/wp\/v2\/pages\/28","targetHints":{"allow":["GET"]}}],"collection":[{"href":"https:\/\/borisleroy.com\/en\/wp-json\/wp\/v2\/pages"}],"about":[{"href":"https:\/\/borisleroy.com\/en\/wp-json\/wp\/v2\/types\/page"}],"author":[{"embeddable":true,"href":"https:\/\/borisleroy.com\/en\/wp-json\/wp\/v2\/users\/1"}],"replies":[{"embeddable":true,"href":"https:\/\/borisleroy.com\/en\/wp-json\/wp\/v2\/comments?post=28"}],"version-history":[{"count":58,"href":"https:\/\/borisleroy.com\/en\/wp-json\/wp\/v2\/pages\/28\/revisions"}],"predecessor-version":[{"id":418,"href":"https:\/\/borisleroy.com\/en\/wp-json\/wp\/v2\/pages\/28\/revisions\/418"}],"wp:attachment":[{"href":"https:\/\/borisleroy.com\/en\/wp-json\/wp\/v2\/media?parent=28"}],"curies":[{"name":"wp","href":"https:\/\/api.w.org\/{rel}","templated":true}]}}