{"id":18,"date":"2013-02-17T11:58:20","date_gmt":"2013-02-17T10:58:20","guid":{"rendered":"http:\/\/borisleroy.com\/en\/?page_id=18"},"modified":"2019-10-24T14:23:02","modified_gmt":"2019-10-24T13:23:02","slug":"publications","status":"publish","type":"page","link":"https:\/\/borisleroy.com\/en\/publications\/","title":{"rendered":"Publications"},"content":{"rendered":"<p><a href=\"http:\/\/scholar.google.fr\/citations?user=7HzlVT4AAAAJ&amp;hl=fr\"><img loading=\"lazy\" decoding=\"async\" class=\"alignleft\" src=\"http:\/\/scholar.google.fr\/intl\/fr\/scholar\/images\/scholar_logo_lg_2011.gif\" alt=\"\" width=\"128\" height=\"51\" \/><\/a><a href=\"https:\/\/www.researchgate.net\/profile\/Boris_Leroy\/\"><img loading=\"lazy\" decoding=\"async\" class=\"size-full wp-image-289 alignright\" src=\"http:\/\/borisleroy.com\/wp-content\/uploads\/2013\/02\/logo-rg-e1396004353775.jpg\" alt=\"logo-rg\" width=\"150\" height=\"43\" \/><\/a><a href=\"http:\/\/www.mendeley.com\/profiles\/boris-leroy\/\"><img decoding=\"async\" class=\"aligncenter\" src=\"http:\/\/www.mendeley.com\/embed\/icon\/1\/blue\/small\" alt=\"Boris Leroy's citations\" border=\"0\" \/><\/a><\/p>\n<p>PDFs disponibles sur demande par mail : leroy.boris@gmail.com<\/p>\n<h2>International peer-reviewed journals<\/h2>\n<h3><em>Submitted<\/em><\/h3>\n<p>31. Morel L., Jung V., <strong>Leroy B.<\/strong>, Vill\u00e9ger S., Cl\u00e9ment B., Schnitzler A., Ysnel F. Changes in community assembly processes during succession increase biodiversity and affect plant community trajectories. Status : <em>&#8220;It&#8217;s complicated&#8221;<br \/>\n<\/em><\/p>\n<h3>In Press<\/h3>\n<p>30. Leroy B., Dias MS, Giraud E, Hugueny B, J\u00e9z\u00e9quel C,\u00a0 Leprieur F, Oberdorff T, Tedesco PA. Global biogeographical regions of freshwater fish species. <em>Journal of Biogeography<\/em> [<a href=\"https:\/\/onlinelibrary.wiley.com\/doi\/abs\/10.1111\/jbi.13674\">link<\/a>]<\/p>\n<p>29. Louppe V, Leroy B, Herrel V, Veron G. 2019. Current and future climatic regions favourable for a globally introduced wild carnivore, the raccoon <em>Procyon lotor<\/em>. <em>Scientific Reports<\/em> [<a href=\"https:\/\/www.nature.com\/articles\/s41598-019-45713-y\">link<\/a>]<br \/>\n<a href=\"https:\/\/www.nationalgeographic.com\/animals\/2019\/07\/raccoons-expanding-range-climate-change\/\">Coverage in National Geographic<\/a><\/p>\n<p>28. Meynard CN, Kaplan DM, <strong>Leroy B<\/strong>. Testing methods in speciesd distribution modelling using virtual species: what have we learnt and what are we missing? <em>Ecography<\/em> [<a href=\"https:\/\/onlinelibrary.wiley.com\/doi\/10.1111\/ecog.04385\">link<\/a>]<\/p>\n<p>27. Meynard CN, Kaplan DM, <strong>Leroy B<\/strong>. 2019. Detecting outliers in species distribution data: some caveats and clarifications on a virtual species study. <em>Journal of Biogeography <\/em>[<a href=\"https:\/\/onlinelibrary.wiley.com\/doi\/full\/10.1111\/jbi.13626\">link<\/a>]<\/p>\n<p>26. Robuchon M, Faith DP, Julliard R, <strong>Leroy B<\/strong>, Pellens R, Robert A, Th\u00e9venin C, Veron S, Pavoine S. 2019. Species lineage splitting increase estimates of evolutionary history at risk. In revision in <em>Biological Conservation<\/em>. [<a href=\"https:\/\/www.sciencedirect.com\/science\/article\/pii\/S0006320718312400\">link<\/a>]<\/p>\n<p>25. Robuchon M, <strong>Leroy B,<\/strong> J\u00e9z\u00e9quel C, Hugueny B. 2019. Correlations between broad-scale taxonomic and genetic differentiations suggest a dominant imprint of historical processes on beta diversities. <em>Journal of Biogeography<\/em> [<a href=\"https:\/\/onlinelibrary.wiley.com\/doi\/abs\/10.1111\/jbi.13559\">link<\/a>]<\/p>\n<p>24. Morel L., Dujol B., Courtial C., Vasseur M., <strong>Leroy B.<\/strong>, Ysnel F. 2019. Spontaneous recovery of functional diversity and rarity of ground-living spiders shed light on the conservation importance of recent woodlands. <em>Biodiversity and Conservation <\/em>[<a href=\"https:\/\/link.springer.com\/article\/10.1007%2Fs10531-018-01687-3\">link<\/a>]<\/p>\n<h3><em>2018<br \/>\n<\/em><\/h3>\n<p>23. <strong>Leroy B.<\/strong>, Delsol R., Meynard C.N., Hugueny B. &amp; Bellard C. 2018. Without quality presence-absence data, discrimination metrics such as TSS can be misleading measures of model performance. <em>Journal of Biogeography <\/em>[<a href=\"https:\/\/onlinelibrary.wiley.com\/doi\/full\/10.1111\/jbi.13402\">link<\/a>]<\/p>\n<p>22. Bellard C., Jeschke J., <strong>Leroy B. &amp;<\/strong> Mace G.M. 2018. Insights from modelling studies on how climate change affects invasive alien species geography.<em> Ecology &amp; Evolution\u00a0<\/em>8:5688-5700 [<a href=\"https:\/\/onlinelibrary.wiley.com\/doi\/full\/10.1002\/ece3.4098\">link<\/a>]<\/p>\n<p>21. P\u00e9tillon J.,\u00a0<strong>Leroy B.<\/strong>, Djoudi E.A. &amp; Vedel V. 2018. Small and large spatial scale coexistence of Ctenid spiders in a neotropical forest (French Guiana). <em>Tropical Zoology. <\/em>31:85-98 [<a href=\"https:\/\/www.tandfonline.com\/doi\/pdf\/10.1080\/03946975.2018.1448531?needAccess=true\">link<\/a>]<\/p>\n<p>20. Mammola S. &amp; <strong>Leroy B<\/strong>. 2018. Applying species distribution models to caves and other subterranean ecosystems. <em>Ecography\u00a0<\/em>41:1194-1208 [<a href=\"http:\/\/onlinelibrary.wiley.com\/doi\/10.1111\/ecog.03464\/abstract\">lien<\/a>]<\/p>\n<p>19. Herv\u00e9, V., <strong>Leroy B.<\/strong>, Da Silva Pires A. &amp; Lopez, P.J. 2018. Aquatic urban ecology at the scale of a capital\u00a0: community structure and interactions in street gutters. <em>The ISME Journal<\/em> 12:253-266 [<a href=\"https:\/\/www.nature.com\/articles\/ismej2017166\">link<\/a>]<\/p>\n<h3><em>2017<\/em><\/h3>\n<p>18. Bellard C., Rysman J.-F., <strong>Leroy B. <\/strong>, Claud C. &amp; Mace G.M. 2017 Islands and invaders: a global picture to determine vulnerable regions. <em>Nature Ecology &amp; Evolution<\/em> <em> 1:1862-1869\u00a0<\/em>[<a href=\"https:\/\/www.nature.com\/articles\/s41559-017-0365-6\">link<\/a>]<\/p>\n<p>17. Gillard M., Thiebaut G., Deleu C. &amp; <strong>Leroy B.<\/strong> 2017. Present and future distribution of three aquatic plant taxa across the world: decrease in native and increase in invasive ranges. <em>Biological Invasions<\/em> 19:2159-2170.\u00a0 [<a href=\"https:\/\/link.springer.com\/article\/10.1007\/s10530-017-1428-y\">link<\/a>]<\/p>\n<p>16. Hawkins B.A., <strong>Leroy B.<\/strong>, Rodr\u00edguez M.\u00c1., Singer A., Villalobos F., Wang X., &amp; Zelen\u00fd D. 2017. Structural bias in aggregated trait variables driven by repeated species co-occurrences\u202f: a pervasive problem in community and assemblage data. <em>Journal of Biogeography<\/em> <strong>44<\/strong>:1199-1211. [<a href=\"http:\/\/onlinelibrary.wiley.com\/doi\/10.1111\/jbi.12953\/abstract\">link<\/a>]<\/p>\n<p>15. <strong>Leroy B.<\/strong>, Gallon R., Feunteun E., Robuchon M. &amp; Ysnel F. 2017. Cross-taxon congruence in the rarity of subtidal rocky marine assemblages\u00a0: no taxonomic shortcut for conservation monitoring. <em>Ecological Indicators\u00a0<\/em><strong>77:<\/strong>239-249 [<a href=\"http:\/\/www.sciencedirect.com\/science\/article\/pii\/S1470160X17300602\">link<\/a>]<\/p>\n<h3><em>2016<br \/>\n<\/em><\/h3>\n<p>14. Bradshaw C.J.A., <strong>Leroy B.<\/strong>, Bellard C., Albert C., Roiz D., Barbet-Massin M., Fournier A., Salles J.M., Simard F. &amp; Courchamp F. 2016. Massive yet grossly underestimated global costs of invasive insects. <em>Nature Communications<\/em> 7:<span class=\"cit\">12986<\/span>\u00a0[<a href=\"http:\/\/www.nature.com\/articles\/ncomms12986\">link<\/a>]<\/p>\n<p>13. Bellard C., <strong>Leroy B.<\/strong>, Thuiller W., Rysman J.-F. &amp; Courchamp F. 2016. Major drivers of invasions risks throughout the world. <em>Ecosphere\u00a0 <\/em>7:e01241 [<a href=\"http:\/\/onlinelibrary.wiley.com\/doi\/10.1002\/ecs2.1241\/pdf\">link<\/a>]<\/p>\n<p>12. <strong>Leroy B.<\/strong>, Meynard C.N., Bellard C., Courchamp F. 2016. virtualspecies: an R package to generate virtual species distributions. <em>Ecography\u00a0<\/em>39:599-607 [<a href=\"http:\/\/onlinelibrary.wiley.com\/doi\/10.1111\/ecog.01388\/abstract\">link<\/a>]<\/p>\n<h3><em>2015<\/em><\/h3>\n<p><em>\u00a0<\/em>11. Potier S., Carpentier A., Gr\u00e9millet D., <strong>Leroy B.<\/strong>, Lescro\u00ebl, A. 2015. Individual repeatability of foraging behaviour in a generalist marine predator. <em>Animal Behaviour\u00a0<\/em><strong>103<\/strong>:83-90 [<a href=\"http:\/\/www.sciencedirect.com\/science\/article\/pii\/S0003347215000652\">link<\/a>]<em><br \/>\n<\/em><\/p>\n<h3><em>2014<br \/>\n<\/em><\/h3>\n<p>10. Gallon R., Robuchon M., <strong>Leroy B.<\/strong>, Le Gall, L., Valero M., Feunteun E. 2014. 20 years of observed and predicted changes in subtidal red seaweed assemblages along a biogeographical transition zone: inferring potential causes from environmental data. <em>Journal of Biogeography<\/em>\u00a0<strong>41<\/strong>:2293-2306 [<a href=\"http:\/\/onlinelibrary.wiley.com\/doi\/10.1111\/jbi.12380\/abstract\">link<\/a>]<em><br \/>\n<\/em><\/p>\n<p>9. Bellard C., Leclerc C., <b>Leroy B.<\/b>, Bakkenes M., Veloz S., Thuiller W. &amp; Courchamp F. 2014<em>.<\/em> Vulnerability of biodiversity hotspots to global change. <em>Global Ecology and Biogeography<\/em>\u00a0<strong>23<\/strong>:1376\u20131386 [<a href=\"http:\/\/onlinelibrary.wiley.com\/doi\/10.1111\/geb.12228\/abstract\">link<\/a>]<em><br \/>\n<\/em><\/p>\n<p>8.<strong> Leroy B.<\/strong>, Le Viol I., P\u00e9tillon J. 2014. Complementarity of rarity, specialisation and functional diversity metrics to assess community responses to environmental changes, using an example of spiders in salt marshes. <em>Ecological Indicators\u00a0<\/em><strong>46<\/strong>:351-357 [<a href=\"http:\/\/www.sciencedirect.com\/science\/article\/pii\/S1470160X14002908\">link<\/a>]<\/p>\n<p>7. Puzin C., <b>Leroy B.<\/b> &amp; P\u00e9tillon J.\u00a0 2014<em>. <\/em><span class=\"mainTitle\">Intra- and inter-specific variation in size and habitus of two sibling spider species (Araneae: Lycosidae): taxonomic and biogeographic insights from sampling across Europe<\/span>. <em>Biological Journal of the Linnean Society<\/em>\u00a0<strong>113<\/strong>:85-96[<a href=\"http:\/\/onlinelibrary.wiley.com\/doi\/10.1111\/bij.12303\/abstract\">link<\/a>]<em><br \/>\n<\/em><\/p>\n<p>6. <strong>Leroy<\/strong><b> B.<\/b>, Bellard C., Dubos N., Colliot A., Vasseur M., Courtial C., Bakkenes M., Canard A. &amp; Ysnel F. <strong>2014<\/strong><em>. <\/em>Forecasted climate and land use changes, and protected areas: the contrasting case of spiders. <i>Diversity and Distributions<\/i> <strong>20<\/strong>:686-697 [<a href=\"http:\/\/onlinelibrary.wiley.com\/doi\/10.1111\/ddi.12191\/abstract\">link<\/a>]<\/p>\n<h3><em>2013<\/em><\/h3>\n<p>5. Bellard C., Thuiller W., <strong>Leroy B.<\/strong>, Genovesi P., Bakkenes M. &amp; Courchamp F. <strong>2013. <\/strong>Will climate change promote future invasions? <em>Global Change Biology<\/em> <strong>19<\/strong>:3740-3748 [<a href=\"http:\/\/onlinelibrary.wiley.com\/doi\/10.1111\/gcb.12344\/abstract\">link<\/a>]<\/p>\n<p>4.\u00a0<b> Leroy B.<\/b>, Canard A. &amp; Ysnel F. <strong>2013.<\/strong> Integrating multiple scales in rarity assessments of invertebrate taxa. <i>Diversity and Distributions<\/i> <strong>19<\/strong>:794-803 [<a title=\"Pub 2\" href=\"http:\/\/onlinelibrary.wiley.com\/doi\/10.1111\/ddi.12040\/abstract\" target=\"_blank\" rel=\"noopener noreferrer\">link<\/a>]<\/p>\n<p>3.\u00a0 <strong>Leroy<\/strong><b> B.<\/b>, Paschetta M., Canard A., Bakkenes M., Isaia M. &amp; Ysnel F. <strong>2013<\/strong>. First assessment of effects of environmental change on threatened spiders: potential impacts on Dolomedes plantarius (Clerck) and its conservation plans. <i>Biological Conservation <\/i><strong>161<\/strong>:155-163 [<a href=\"http:\/\/www.sciencedirect.com\/science\/article\/pii\/S000632071300089X\" target=\"_blank\" rel=\"noopener noreferrer\">link<\/a>]<\/p>\n<h3><em>2012<\/em><\/h3>\n<p>2. \u00a0<b>Leroy B.<\/b>, P\u00e9tillon J., Gallon R., Canard A. &amp; Ysnel F. <b>2012<i>. <\/i><\/b>Improving occurrence-based rarity metrics in conservation studies by including multiple rarity cut-offs. <i>Insect Conservation and Diversity <\/i><b>5<\/b>:159-168 [<a title=\"Pub 1\" href=\"http:\/\/onlinelibrary.wiley.com\/doi\/10.1111\/j.1752-4598.2011.00148.x\/abstract\" target=\"_blank\" rel=\"noopener noreferrer\">link<\/a>]<\/p>\n<h3><em>2011<\/em><\/h3>\n<p>1.\u00a0 <strong>Leroy<\/strong><b> B.<\/b>, Morel L., Eybert M.C., Ysnel F. &amp; Georges A. <b>2011<i>. <\/i><\/b>Rehabilitation project of a managed marsh: biodiversity assessment of different management measures. <i>Procedia Environmental Sciences <\/i><b>9<\/b>:96-103<\/p>\n<h2>National peer-reviewed journals<\/h2>\n<h3><em>2010<\/em><\/h3>\n<p><strong>1. <\/strong>P\u00e9tillon J., <b>Leroy B.<\/b>, Canard A. &amp; Ysnel F. <b>2010.<\/b> Les araign\u00e9es au fil de la gestion. <i>Espaces naturels <\/i><b>31<\/b>:36-37 [<a href=\"http:\/\/www.espaces-naturels.info\/sites\/default\/files\/EN31p36.pdf\">link PDF<\/a>]<br \/>\n<i><\/i><\/p>\n<h2>Software \/ packages<\/h2>\n<p><strong>2.<\/strong> <strong>Leroy B.<\/strong> <strong>2014-2019<\/strong>. virtualspecies: Generation of Virtual Species Distributions. R package [<a href=\"http:\/\/cran.r-project.org\/package=virtualspecies\">link<\/a>]<\/p>\n<p><strong>1.<\/strong> <strong>Leroy B.<\/strong> <strong>2013-2019<\/strong>. Rarity: Calculation of rarity indices for species and assemblages of species. R package [<a href=\"http:\/\/cran.r-project.org\/web\/packages\/Rarity\/index.html\">link<\/a>]<\/p>\n","protected":false},"excerpt":{"rendered":"<p>PDFs disponibles sur demande par mail : leroy.boris@gmail.com International peer-reviewed journals Submitted 31. Morel L., Jung V., Leroy B., Vill\u00e9ger S., Cl\u00e9ment B., Schnitzler A., Ysnel F. Changes in community assembly processes during succession increase biodiversity and affect plant community trajectories. Status : &#8220;It&#8217;s complicated&#8221; In Press 30. Leroy B., Dias MS, Giraud E, Hugueny B, J\u00e9z\u00e9quel C,\u00a0 Leprieur F, Oberdorff T, Tedesco PA. Global biogeographical regions of freshwater fish.. <a href=\"https:\/\/borisleroy.com\/en\/publications\/\">Read More<\/a><\/p>\n","protected":false},"author":1,"featured_media":0,"parent":0,"menu_order":0,"comment_status":"closed","ping_status":"open","template":"","meta":{"footnotes":""},"class_list":["post-18","page","type-page","status-publish","hentry"],"featured_image_src":null,"featured_image_src_square":null,"_links":{"self":[{"href":"https:\/\/borisleroy.com\/en\/wp-json\/wp\/v2\/pages\/18","targetHints":{"allow":["GET"]}}],"collection":[{"href":"https:\/\/borisleroy.com\/en\/wp-json\/wp\/v2\/pages"}],"about":[{"href":"https:\/\/borisleroy.com\/en\/wp-json\/wp\/v2\/types\/page"}],"author":[{"embeddable":true,"href":"https:\/\/borisleroy.com\/en\/wp-json\/wp\/v2\/users\/1"}],"replies":[{"embeddable":true,"href":"https:\/\/borisleroy.com\/en\/wp-json\/wp\/v2\/comments?post=18"}],"version-history":[{"count":101,"href":"https:\/\/borisleroy.com\/en\/wp-json\/wp\/v2\/pages\/18\/revisions"}],"predecessor-version":[{"id":425,"href":"https:\/\/borisleroy.com\/en\/wp-json\/wp\/v2\/pages\/18\/revisions\/425"}],"wp:attachment":[{"href":"https:\/\/borisleroy.com\/en\/wp-json\/wp\/v2\/media?parent=18"}],"curies":[{"name":"wp","href":"https:\/\/api.w.org\/{rel}","templated":true}]}}